{"id":25,"date":"2013-07-15T11:28:59","date_gmt":"2013-07-15T11:28:59","guid":{"rendered":"http:\/\/annettehammaren.com\/?page_id=25"},"modified":"2019-01-10T20:37:10","modified_gmt":"2019-01-10T19:37:10","slug":"cv","status":"publish","type":"page","link":"http:\/\/annettehammaren.com\/?page_id=25","title":{"rendered":"CV"},"content":{"rendered":"<p><b>Annette Hammar\u00e9n<\/b><\/p>\n<p>F\u00f6dd 1956 i Stockholm<br \/>\nBosatt i Vallentuna<\/p>\n<p><b>Utbildning:<\/b><br \/>\nKungliga Konsth\u00f6gskolan, Sthlm, 1996-1997, 2006-2007, 2008-2009, 2012-2013<br \/>\nKonstfackskolan, Sthlm, 1983-1988<\/p>\n<p><b>Separatutst\u00e4llningar:<\/b><br \/>\nGalleri Str\u00f6mbom, Uppsala, 2018<br \/>\nGalleria Joella, \u00c5bo, 2018<br \/>\nKonsthallen Falsterbo Strandbad, 2016<br \/>\nGrafiska S\u00e4llskapet, Stockholm, 2016<br \/>\nGalleri Ps, G\u00f6teborg, 2016<br \/>\nHedengrens Trappa, Stockholm, 2015<br \/>\nGalleri Str\u00f6mbom, Uppsala, 2014<br \/>\nGrafik i V\u00e4st, 2012<br \/>\nEquator Art, Stockholm, 2012<br \/>\nGalleri Str\u00f6mbom, Uppsala, 2011<br \/>\nGrafiska S\u00e4llskapet, Stockholm, 2008<br \/>\nGalleri Str\u00f6mbom, Uppsala, 2006<br \/>\nKonstn\u00e4rshuset, Stockholm, 2006<br \/>\nKonsthallen i Dals L\u00e5nged, 2005<br \/>\nGrafik i V\u00e4st, G\u00f6teborg, 2005<br \/>\nHanaholmen, Helsingfors, 2004<br \/>\nGalleri Svenska Bilder, Stockholm, 2002<br \/>\nGotlands Konstmuseum, 2000<br \/>\nGalleri Gr\u00e5, Stockholm, 1997<br \/>\nNorrt\u00e4lje Konsthall, 1991<\/p>\n<p><b>Samlingsutst\u00e4llningar:<\/b><br \/>\nKonstforum, Norrk\u00f6ping, 2018<br \/>\nTalsi Regional Museum, Lettland, 2018<br \/>\nShanghai Printmaking Biennale, 2017<br \/>\nStudio L2, Stockholm, 2017<br \/>\nID:I Galleri, Stockholm, 2017<br \/>\nSupermarket, 2017<br \/>\nKunstverket, Oslo, 2016<br \/>\nTriennale d\u00e9 Estampadura, Toulose, 2016<br \/>\nSupermarket, Stockholm, 2016<br \/>\nGalleri Str\u00f6mbom, Uppsala, 2016<br \/>\nFullersta G\u00e5rd, Huddinge, 2015<br \/>\nHusby Konsthall, 2014<br \/>\nGrafiska S\u00e4llskapet, 2014<br \/>\n\u00c5lg\u00e5rden, Bor\u00e5s, 2014<br \/>\nTomarps Kungsg\u00e5rd, 2013<br \/>\nGalleri Str\u00f6mbom, Uppsala, 2013<br \/>\nV\u00e5rutst\u00e4llningen, Kungliga konsth\u00f6gskolan, 2013<br \/>\nVallentuna Kulturhus, 2012<br \/>\nGalleri Str\u00f6mbom, Uppsala, 2013<br \/>\nPostens Konstf\u00f6rening, Tomteboda, 2012<br \/>\nJakobsbergs Konsthall, 2012<br \/>\nGrafikens Hus, Mariefred, 2011<br \/>\nArt in Office, Stockholm, 2011<br \/>\nGrafiktriennalen, Landskrona Konsthall, 2011<br \/>\nGrafiktriennalen, Falkenbergs Museum, 2011<br \/>\nGrafiktriennalen, Kulturens Hus Lule\u00e5, 2011<br \/>\nGrafiktriennalen, Sundsvall, 2011<br \/>\nGrafiktriennalen, Stockholm, 2010<br \/>\nKonstforum, Norrk\u00f6ping, 2010<br \/>\nTalsi Museum, Lettland, 2010<br \/>\nVetlanda Museum, 2010<br \/>\nTomarps Kungsg\u00e5rd, 2010<br \/>\nV\u00e5rsalongen, Stockholm, 2009<br \/>\nKonstlitografiska museet, Tidaholm, 2009<br \/>\nJakobsbergs Konsthall, 2008<br \/>\nKonstn\u00e4rshuset, Stockholm, 2007<br \/>\nGalleri Mejan, Stockholm, 2007<br \/>\nGrafiktriennal, Stockholm, 2007<br \/>\nFinal p\u00e5 Svenska Bilder, 2006<br \/>\nGrafiktriennal, Lahti, 2001<br \/>\nGrafiska S\u00e4llskapet, Stockholm, 1999<br \/>\nKonstn\u00e4rshuset, Stockholm, 1998<br \/>\nS\u00f6dert\u00e4lje Konsthall, 1995<br \/>\nBorg\u00e5 Konsthall, 1994<br \/>\nSveagalleriet, Stockholm, 1992<br \/>\nUppsala Konstmuseum, 1991<br \/>\nNorrt\u00e4lje Konsthall, 1990<\/p>\n<p><b>Stipendier:<\/b><br \/>\nKonstn\u00e4rsn\u00e4mndens arbetsstipendium, 1993<br \/>\nH\u00e4ktet, Grafikstipendium, 2004<br \/>\nKonstsn\u00e4rsn\u00e4mndens\u00a0 m\u00e5linriktade arbetsstipendium, 2007<br \/>\nL\u00e4ngmanska Kulturfonden, 2009<\/p>\n<p><b>Representerad:<br \/>\n<\/b>Statens Konstr\u00e5d<br \/>\nStockholms stad<br \/>\nG\u00f6teborgs stad<br \/>\nKommuner och Landsting<br \/>\nNorrk\u00f6pings Konstmuseum<br \/>\nV\u00e4ster\u00e5s Konstmuseum<br \/>\nVetlanda Museum<br \/>\nModerna \u00a0Museet, Stockholm<br \/>\nNational Museum, Stockholm<br \/>\nBritish Museum, London<\/p>\n","protected":false},"excerpt":{"rendered":"<p>Annette Hammar\u00e9n F\u00f6dd 1956 i Stockholm Bosatt i Vallentuna Utbildning: Kungliga Konsth\u00f6gskolan, Sthlm, 1996-1997, 2006-2007, 2008-2009, 2012-2013 Konstfackskolan, Sthlm, 1983-1988 Separatutst\u00e4llningar: Galleri Str\u00f6mbom, Uppsala, 2018 Galleria Joella, \u00c5bo, 2018 Konsthallen Falsterbo Strandbad, 2016 Grafiska S\u00e4llskapet, Stockholm, 2016 Galleri Ps, G\u00f6teborg, 2016 Hedengrens Trappa, Stockholm, 2015 Galleri Str\u00f6mbom, Uppsala, 2014 Grafik i V\u00e4st, 2012 Equator Art, [&hellip;]<\/p>\n","protected":false},"author":1,"featured_media":0,"parent":0,"menu_order":0,"comment_status":"closed","ping_status":"open","template":"page-templates\/front-page.php","meta":[],"_links":{"self":[{"href":"http:\/\/annettehammaren.com\/index.php?rest_route=\/wp\/v2\/pages\/25"}],"collection":[{"href":"http:\/\/annettehammaren.com\/index.php?rest_route=\/wp\/v2\/pages"}],"about":[{"href":"http:\/\/annettehammaren.com\/index.php?rest_route=\/wp\/v2\/types\/page"}],"author":[{"embeddable":true,"href":"http:\/\/annettehammaren.com\/index.php?rest_route=\/wp\/v2\/users\/1"}],"replies":[{"embeddable":true,"href":"http:\/\/annettehammaren.com\/index.php?rest_route=%2Fwp%2Fv2%2Fcomments&post=25"}],"version-history":[{"count":14,"href":"http:\/\/annettehammaren.com\/index.php?rest_route=\/wp\/v2\/pages\/25\/revisions"}],"predecessor-version":[{"id":359,"href":"http:\/\/annettehammaren.com\/index.php?rest_route=\/wp\/v2\/pages\/25\/revisions\/359"}],"wp:attachment":[{"href":"http:\/\/annettehammaren.com\/index.php?rest_route=%2Fwp%2Fv2%2Fmedia&parent=25"}],"curies":[{"name":"wp","href":"https:\/\/api.w.org\/{rel}","templated":true}]}}